{"id":138,"date":"2011-09-06T15:11:39","date_gmt":"2011-09-06T15:11:39","guid":{"rendered":"http:\/\/hnsmn.de\/wordpress\/?page_id=138"},"modified":"2013-03-07T10:28:57","modified_gmt":"2013-03-07T10:28:57","slug":"tv-inspektion","status":"publish","type":"page","link":"https:\/\/kanaltechnik.com\/wp\/dienstleistung\/tv-inspektion","title":{"rendered":"TV-Inspektion"},"content":{"rendered":"ngg_shortcode_0_placeholder\n<ul>\n<li>TV-Kanalinspektion Hauptkanal DN100 &#8211; 1600<\/li>\n<\/ul>\n<ul>\n<li>TV-Hausanschluss-Untersuchungen mit Satelliten-Kamera<cite><\/cite> (auch Untersuchung von verzweigten Anschlusssystemen m\u00f6glich)<\/li>\n<\/ul>\n<ul>\n<li>TV-Leitungs-Untersuchung mit Schiebekamera<\/li>\n<\/ul>\n<ul>\n<li>Schachtinspektion<\/li>\n<\/ul>\n<ul>\n<li>Ortung von verdeckten Sch\u00e4chten und nicht im Lageplan verzeichneten Kan\u00e4len<\/li>\n<\/ul>\n<ul>\n<li>Zuordnung von Anschl\u00fcssen mittels Nebelverfahren \/ Einf\u00e4rbverfahren<\/li>\n<\/ul>\n<ul>\n<li>Schadensbilder als Beispiele aus dem Kanal:<\/li>\n<\/ul>\n<p style=\"padding-left: 30px;\"><a href=\"http:\/\/hnsmn.de\/wordpress\/wp-content\/uploads\/2011\/09\/00000100.jpg\" rel=\"lightbox[138]\"><img loading=\"lazy\" decoding=\"async\" class=\"alignnone  wp-image-1000\" title=\"00000208\" src=\"http:\/\/hnsmn.de\/wordpress\/wp-content\/uploads\/2011\/09\/00000208-150x150.jpg\" alt=\"\" width=\"60\" height=\"60\" \/><img loading=\"lazy\" decoding=\"async\" class=\" wp-image-999 alignnone\" title=\"00000100\" src=\"http:\/\/hnsmn.de\/wordpress\/wp-content\/uploads\/2011\/09\/00000100-150x150.jpg\" alt=\"\" width=\"60\" height=\"60\" \/><\/a><a href=\"http:\/\/hnsmn.de\/wordpress\/wp-content\/uploads\/2011\/09\/00000056.jpg\" rel=\"lightbox[138]\"><img loading=\"lazy\" decoding=\"async\" class=\"alignnone  wp-image-997\" title=\"00000056\" src=\"http:\/\/hnsmn.de\/wordpress\/wp-content\/uploads\/2011\/09\/00000056-150x150.jpg\" alt=\"\" width=\"60\" height=\"60\" \/><\/a><a href=\"http:\/\/hnsmn.de\/wordpress\/wp-content\/uploads\/2011\/09\/00000040.jpg\" rel=\"lightbox[138]\"><img loading=\"lazy\" decoding=\"async\" class=\"alignnone  wp-image-996\" title=\"00000040\" src=\"http:\/\/hnsmn.de\/wordpress\/wp-content\/uploads\/2011\/09\/00000040-150x150.jpg\" alt=\"\" width=\"60\" height=\"60\" \/><\/a><a href=\"http:\/\/hnsmn.de\/wordpress\/wp-content\/uploads\/2011\/09\/00000081.jpg\" rel=\"lightbox[138]\"><img loading=\"lazy\" decoding=\"async\" class=\"alignnone  wp-image-998\" title=\"00000081\" src=\"http:\/\/hnsmn.de\/wordpress\/wp-content\/uploads\/2011\/09\/00000081-150x150.jpg\" alt=\"\" width=\"60\" height=\"60\" \/><\/a><a href=\"http:\/\/hnsmn.de\/wordpress\/wp-content\/uploads\/2011\/09\/00000025.jpg\" rel=\"lightbox[138]\"><img loading=\"lazy\" decoding=\"async\" class=\"alignnone  wp-image-995\" title=\"00000025\" src=\"http:\/\/hnsmn.de\/wordpress\/wp-content\/uploads\/2011\/09\/00000025-150x150.jpg\" alt=\"\" width=\"60\" height=\"60\" \/><\/a><a href=\"http:\/\/hnsmn.de\/wordpress\/wp-content\/uploads\/2011\/09\/00000002.jpg\" rel=\"lightbox[138]\"><img loading=\"lazy\" decoding=\"async\" class=\"alignnone  wp-image-994\" title=\"00000002\" src=\"http:\/\/hnsmn.de\/wordpress\/wp-content\/uploads\/2011\/09\/00000002-150x150.jpg\" alt=\"\" width=\"60\" height=\"60\" \/><\/a><\/p>\n<p>&nbsp;<\/p>\n<p><strong>Tragbares TV-System \u2013 Fa. Kummert<\/strong><\/p>\n<ul>\n<li>TV Inspektion im Bereich DN 100 bis DN 300<\/li>\n<\/ul>\n<ul>\n<li>Reichweite bis zu 100 m<\/li>\n<\/ul>\n<ul>\n<li>Vermessung der Rohrdurchmesser mittels Laser zur genauen DN Bestimmung<\/li>\n<\/ul>\n<ul>\n<li>abbiegbar in Nebenleitungen (vom Hauptkanal DN100 \u2013 200)<\/li>\n<\/ul>\n<ul>\n<li>gleichzeitige Kanalverlaufsmessung \u00fcber spezielle Software m\u00f6glich<\/li>\n<\/ul>\n<ul>\n<li>\u00dcber den GPS-Empf\u00e4nger k\u00f6nnen Geb\u00e4ude und deren Grundrisse schnell und \u00fcbersichtlich von den hinterlegten Vermessungsamt-Pl\u00e4nen auf dem Bildschirm dargestellt werden<\/li>\n<\/ul>\n<p><a href=\"https:\/\/kanaltechnik.com\/wp\/wp-content\/uploads\/2011\/09\/Lageplan.jpg\" rel=\"lightbox[138]\"><img loading=\"lazy\" decoding=\"async\" class=\"aligncenter size-medium wp-image-1259\" title=\"Lageplan\" src=\"https:\/\/kanaltechnik.com\/wp\/wp-content\/uploads\/2011\/09\/Lageplan-268x300.jpg\" alt=\"\" width=\"268\" height=\"300\" srcset=\"https:\/\/kanaltechnik.com\/wp\/wp-content\/uploads\/2011\/09\/Lageplan-268x300.jpg 268w, https:\/\/kanaltechnik.com\/wp\/wp-content\/uploads\/2011\/09\/Lageplan-916x1024.jpg 916w\" sizes=\"auto, (max-width: 268px) 100vw, 268px\" \/><\/a><\/p>\n","protected":false},"excerpt":{"rendered":"<p>TV-Kanalinspektion Hauptkanal DN100 &#8211; 1600 TV-Hausanschluss-Untersuchungen mit Satelliten-Kamera (auch Untersuchung von verzweigten Anschlusssystemen m\u00f6glich) TV-Leitungs-Untersuchung mit Schiebekamera Schachtinspektion Ortung von verdeckten Sch\u00e4chten und nicht im Lageplan verzeichneten Kan\u00e4len Zuordnung von Anschl\u00fcssen mittels Nebelverfahren \/ Einf\u00e4rbverfahren Schadensbilder als Beispiele aus dem Kanal: &nbsp; Tragbares TV-System \u2013 Fa. Kummert TV Inspektion im Bereich DN 100 bis DN [&hellip;]<\/p>\n","protected":false},"author":2,"featured_media":0,"parent":36,"menu_order":0,"comment_status":"open","ping_status":"closed","template":"","meta":{"ngg_post_thumbnail":0,"footnotes":""},"class_list":["post-138","page","type-page","status-publish","hentry"],"_links":{"self":[{"href":"https:\/\/kanaltechnik.com\/wp\/wp-json\/wp\/v2\/pages\/138","targetHints":{"allow":["GET"]}}],"collection":[{"href":"https:\/\/kanaltechnik.com\/wp\/wp-json\/wp\/v2\/pages"}],"about":[{"href":"https:\/\/kanaltechnik.com\/wp\/wp-json\/wp\/v2\/types\/page"}],"author":[{"embeddable":true,"href":"https:\/\/kanaltechnik.com\/wp\/wp-json\/wp\/v2\/users\/2"}],"replies":[{"embeddable":true,"href":"https:\/\/kanaltechnik.com\/wp\/wp-json\/wp\/v2\/comments?post=138"}],"version-history":[{"count":9,"href":"https:\/\/kanaltechnik.com\/wp\/wp-json\/wp\/v2\/pages\/138\/revisions"}],"predecessor-version":[{"id":1100,"href":"https:\/\/kanaltechnik.com\/wp\/wp-json\/wp\/v2\/pages\/138\/revisions\/1100"}],"up":[{"embeddable":true,"href":"https:\/\/kanaltechnik.com\/wp\/wp-json\/wp\/v2\/pages\/36"}],"wp:attachment":[{"href":"https:\/\/kanaltechnik.com\/wp\/wp-json\/wp\/v2\/media?parent=138"}],"curies":[{"name":"wp","href":"https:\/\/api.w.org\/{rel}","templated":true}]}}